{"id":18510,"date":"2018-12-13T18:25:40","date_gmt":"2018-12-13T17:25:40","guid":{"rendered":"https:\/\/showdevida.no\/show-production\/"},"modified":"2024-01-03T18:06:12","modified_gmt":"2024-01-03T17:06:12","slug":"h3-arena","status":"publish","type":"page","link":"https:\/\/showdevida.no\/en\/h3-arena\/","title":{"rendered":"H3 Arena"},"content":{"rendered":"<div id=\"cs-content\" class=\"cs-content\"><\/div>\n","protected":false},"excerpt":{"rendered":"<p>H3 Arena Forestillingen In the wake of the corona pandemic, Show de Vida staged our own production at the H3 arena in Fornebu in the summer of 2021. With support from the Cultural Council, we were given the opportunity to bring a long-awaited cultural experience to all our guests with both our artists and guest artists.Read article about the from &#8230; <\/p>\n<div><a href=\"https:\/\/showdevida.no\/en\/h3-arena\/\" class=\"more-link\">Read More<\/a><\/div>\n","protected":false},"author":10,"featured_media":0,"parent":0,"menu_order":0,"comment_status":"closed","ping_status":"closed","template":"template-blank-4.php","meta":{"footnotes":""},"class_list":["post-18510","page","type-page","status-publish","hentry","no-post-thumbnail"],"yoast_head":"<!-- This site is optimized with the Yoast SEO plugin v27.3 - https:\/\/yoast.com\/product\/yoast-seo-wordpress\/ -->\n<title>H3 Arena - Show de Vida<\/title>\n<meta name=\"description\" content=\"Kom og opplev et fyrverkeri av et show p\u00e5 Edderkoppen Show De Vida,med spektakul\u00e6r dans, magiske sangere, storsl\u00e5tte kostymer, glohete flammer og akrobatikk\" \/>\n<meta name=\"robots\" content=\"index, follow, max-snippet:-1, max-image-preview:large, max-video-preview:-1\" \/>\n<link rel=\"canonical\" href=\"https:\/\/showdevida.no\/en\/h3-arena\/\" \/>\n<meta property=\"og:locale\" content=\"en_US\" \/>\n<meta property=\"og:type\" content=\"article\" \/>\n<meta property=\"og:title\" content=\"H3 Arena - Show de Vida\" \/>\n<meta property=\"og:description\" content=\"Kom og opplev et fyrverkeri av et show p\u00e5 Edderkoppen Show De Vida,med spektakul\u00e6r dans, magiske sangere, storsl\u00e5tte kostymer, glohete flammer og akrobatikk\" \/>\n<meta property=\"og:url\" content=\"https:\/\/showdevida.no\/en\/h3-arena\/\" \/>\n<meta property=\"og:site_name\" content=\"Show de Vida\" \/>\n<meta property=\"article:modified_time\" content=\"2024-01-03T17:06:12+00:00\" \/>\n<meta name=\"twitter:card\" content=\"summary_large_image\" \/>\n<meta name=\"twitter:label1\" content=\"Est. reading time\" \/>\n\t<meta name=\"twitter:data1\" content=\"1 minute\" \/>\n<script type=\"application\/ld+json\" class=\"yoast-schema-graph\">{\"@context\":\"https:\\\/\\\/schema.org\",\"@graph\":[{\"@type\":\"WebPage\",\"@id\":\"https:\\\/\\\/showdevida.no\\\/en\\\/h3-arena\\\/\",\"url\":\"https:\\\/\\\/showdevida.no\\\/en\\\/h3-arena\\\/\",\"name\":\"H3 Arena - Show de Vida\",\"isPartOf\":{\"@id\":\"https:\\\/\\\/showdevida.no\\\/en\\\/#website\"},\"datePublished\":\"2018-12-13T17:25:40+00:00\",\"dateModified\":\"2024-01-03T17:06:12+00:00\",\"description\":\"Kom og opplev et fyrverkeri av et show p\u00e5 Edderkoppen Show De Vida,med spektakul\u00e6r dans, magiske sangere, storsl\u00e5tte kostymer, glohete flammer og akrobatikk\",\"breadcrumb\":{\"@id\":\"https:\\\/\\\/showdevida.no\\\/en\\\/h3-arena\\\/#breadcrumb\"},\"inLanguage\":\"en-US\",\"potentialAction\":[{\"@type\":\"ReadAction\",\"target\":[\"https:\\\/\\\/showdevida.no\\\/en\\\/h3-arena\\\/\"]}]},{\"@type\":\"BreadcrumbList\",\"@id\":\"https:\\\/\\\/showdevida.no\\\/en\\\/h3-arena\\\/#breadcrumb\",\"itemListElement\":[{\"@type\":\"ListItem\",\"position\":1,\"name\":\"Hem\",\"item\":\"https:\\\/\\\/showdevida.no\\\/en\\\/home\\\/\"},{\"@type\":\"ListItem\",\"position\":2,\"name\":\"H3 Arena\"}]},{\"@type\":\"WebSite\",\"@id\":\"https:\\\/\\\/showdevida.no\\\/en\\\/#website\",\"url\":\"https:\\\/\\\/showdevida.no\\\/en\\\/\",\"name\":\"Show de Vida\",\"description\":\"The show of your life\",\"potentialAction\":[{\"@type\":\"SearchAction\",\"target\":{\"@type\":\"EntryPoint\",\"urlTemplate\":\"https:\\\/\\\/showdevida.no\\\/en\\\/?s={search_term_string}\"},\"query-input\":{\"@type\":\"PropertyValueSpecification\",\"valueRequired\":true,\"valueName\":\"search_term_string\"}}],\"inLanguage\":\"en-US\"}]}<\/script>\n<!-- \/ Yoast SEO plugin. -->","yoast_head_json":{"title":"H3 Arena - Show de Vida","description":"Kom og opplev et fyrverkeri av et show p\u00e5 Edderkoppen Show De Vida,med spektakul\u00e6r dans, magiske sangere, storsl\u00e5tte kostymer, glohete flammer og akrobatikk","robots":{"index":"index","follow":"follow","max-snippet":"max-snippet:-1","max-image-preview":"max-image-preview:large","max-video-preview":"max-video-preview:-1"},"canonical":"https:\/\/showdevida.no\/en\/h3-arena\/","og_locale":"en_US","og_type":"article","og_title":"H3 Arena - Show de Vida","og_description":"Kom og opplev et fyrverkeri av et show p\u00e5 Edderkoppen Show De Vida,med spektakul\u00e6r dans, magiske sangere, storsl\u00e5tte kostymer, glohete flammer og akrobatikk","og_url":"https:\/\/showdevida.no\/en\/h3-arena\/","og_site_name":"Show de Vida","article_modified_time":"2024-01-03T17:06:12+00:00","twitter_card":"summary_large_image","twitter_misc":{"Est. reading time":"1 minute"},"schema":{"@context":"https:\/\/schema.org","@graph":[{"@type":"WebPage","@id":"https:\/\/showdevida.no\/en\/h3-arena\/","url":"https:\/\/showdevida.no\/en\/h3-arena\/","name":"H3 Arena - Show de Vida","isPartOf":{"@id":"https:\/\/showdevida.no\/en\/#website"},"datePublished":"2018-12-13T17:25:40+00:00","dateModified":"2024-01-03T17:06:12+00:00","description":"Kom og opplev et fyrverkeri av et show p\u00e5 Edderkoppen Show De Vida,med spektakul\u00e6r dans, magiske sangere, storsl\u00e5tte kostymer, glohete flammer og akrobatikk","breadcrumb":{"@id":"https:\/\/showdevida.no\/en\/h3-arena\/#breadcrumb"},"inLanguage":"en-US","potentialAction":[{"@type":"ReadAction","target":["https:\/\/showdevida.no\/en\/h3-arena\/"]}]},{"@type":"BreadcrumbList","@id":"https:\/\/showdevida.no\/en\/h3-arena\/#breadcrumb","itemListElement":[{"@type":"ListItem","position":1,"name":"Hem","item":"https:\/\/showdevida.no\/en\/home\/"},{"@type":"ListItem","position":2,"name":"H3 Arena"}]},{"@type":"WebSite","@id":"https:\/\/showdevida.no\/en\/#website","url":"https:\/\/showdevida.no\/en\/","name":"Show de Vida","description":"The show of your life","potentialAction":[{"@type":"SearchAction","target":{"@type":"EntryPoint","urlTemplate":"https:\/\/showdevida.no\/en\/?s={search_term_string}"},"query-input":{"@type":"PropertyValueSpecification","valueRequired":true,"valueName":"search_term_string"}}],"inLanguage":"en-US"}]}},"_links":{"self":[{"href":"https:\/\/showdevida.no\/en\/wp-json\/wp\/v2\/pages\/18510","targetHints":{"allow":["GET"]}}],"collection":[{"href":"https:\/\/showdevida.no\/en\/wp-json\/wp\/v2\/pages"}],"about":[{"href":"https:\/\/showdevida.no\/en\/wp-json\/wp\/v2\/types\/page"}],"author":[{"embeddable":true,"href":"https:\/\/showdevida.no\/en\/wp-json\/wp\/v2\/users\/10"}],"replies":[{"embeddable":true,"href":"https:\/\/showdevida.no\/en\/wp-json\/wp\/v2\/comments?post=18510"}],"version-history":[{"count":18,"href":"https:\/\/showdevida.no\/en\/wp-json\/wp\/v2\/pages\/18510\/revisions"}],"predecessor-version":[{"id":19876,"href":"https:\/\/showdevida.no\/en\/wp-json\/wp\/v2\/pages\/18510\/revisions\/19876"}],"wp:attachment":[{"href":"https:\/\/showdevida.no\/en\/wp-json\/wp\/v2\/media?parent=18510"}],"curies":[{"name":"wp","href":"https:\/\/api.w.org\/{rel}","templated":true}]}}